{"id":1104,"date":"2025-02-24T13:07:41","date_gmt":"2025-02-24T12:07:41","guid":{"rendered":"https:\/\/medmos.eu\/inici\/"},"modified":"2026-01-27T13:20:50","modified_gmt":"2026-01-27T12:20:50","slug":"inici","status":"publish","type":"page","link":"https:\/\/staging.medmos.eu\/va\/","title":{"rendered":"Inici"},"content":{"rendered":"\t\t<div data-elementor-type=\"wp-page\" data-elementor-id=\"1104\" class=\"elementor elementor-1104 elementor-17\" data-elementor-post-type=\"page\">\n\t\t\t\t<div class=\"elementor-element elementor-element-ddf610b e-con-full e-flex e-con e-parent\" data-id=\"ddf610b\" data-element_type=\"container\" data-e-type=\"container\">\r\n\t\t\t\t<div class=\"elementor-element elementor-element-d7f271a elementor--h-position-center elementor--v-position-middle elementor-arrows-position-inside elementor-pagination-position-inside exad-sticky-section-no exad-glass-effect-no elementor-widget elementor-widget-slides\" data-id=\"d7f271a\" data-element_type=\"widget\" data-e-type=\"widget\" data-settings=\"{&quot;navigation&quot;:&quot;both&quot;,&quot;autoplay&quot;:&quot;yes&quot;,&quot;pause_on_hover&quot;:&quot;yes&quot;,&quot;pause_on_interaction&quot;:&quot;yes&quot;,&quot;autoplay_speed&quot;:5000,&quot;infinite&quot;:&quot;yes&quot;,&quot;transition&quot;:&quot;slide&quot;,&quot;transition_speed&quot;:500}\" data-widget_type=\"slides.default\">\n\t\t\t\t\t\t\t\t\t\t<div class=\"elementor-slides-wrapper elementor-main-swiper swiper\" role=\"region\" aria-roledescription=\"carousel\" aria-label=\"Slides\" dir=\"ltr\" data-animation=\"fadeInUp\">\n\t\t\t\t<div class=\"swiper-wrapper elementor-slides\">\n\t\t\t\t\t\t\t\t\t\t<div class=\"elementor-repeater-item-daa6d4d swiper-slide\" role=\"group\" aria-roledescription=\"slide\"><div class=\"swiper-slide-bg\" role=\"img\" aria-label=\"banner\"><\/div><div class=\"swiper-slide-inner\" ><div class=\"swiper-slide-contents\"><div class=\"elementor-slide-heading\">SISTEMA DE MONITORATGE DEL MEDITERRANI<\/div><div class=\"elementor-slide-description\"><p>El Sistema de Monitoritzaci\u00f3 del Mediterrani (MEDMOS) \u00e9s una iniciativa de l'\u00c0rea de Meteorologia i Climatologia del Centre d'Estudis Ambientals de la Mediterr\u00e0nia (<a href=\"https:\/\/www.ceam.es\/\">CEAM<\/a>) dedicada a la vigil\u00e0ncia i an\u00e0lisi del mar Mediterrani, principalment pel que fa a la temperatura superficial del mar (<a href=\"https:\/\/medmos.eu\/va\/sst\/sobre-sst\/\">SST<\/a>) i el seu esdeveniment extrem associat (<a href=\"https:\/\/medmos.eu\/va\/mhw\/sobre-mhw\/\">MHW<\/a>).<\/p>\n<\/div><\/div><\/div><\/div><div class=\"elementor-repeater-item-3af01c5 swiper-slide\" role=\"group\" aria-roledescription=\"slide\"><div class=\"swiper-slide-bg\" role=\"img\" aria-label=\"banner\"><\/div><div class=\"swiper-slide-inner\" ><div class=\"swiper-slide-contents\"><div class=\"elementor-slide-heading\">SISTEMA DE MONITORATGE DEL MEDITERRANI<\/div><div class=\"elementor-slide-description\"><p>Un estudi de l'\u00e0rea de Meteorologia i Climatologia del CEAM, <a href=\"https:\/\/www.nature.com\/articles\/s43247-024-01982-8\">publicat<\/a> en Communications Earth &amp; Environment, sobre la intensificaci\u00f3 de les onades de calor marines en cas de concurr\u00e8ncia amb onades de calor atmosf\u00e8riques.<\/p>\n<p>Pastor, F., Parets-Fortuny, L. i Khodayar, S. Les onades de calor marines mediterr\u00e0nies s'intensifiquen en pres\u00e8ncia d'onades de calor atmosf\u00e8riques concurrents. Commun Earth Environ 5, 797 (2024).  <a href=\"https:\/\/doi.org\/10.1038\/s43247-024-01982-8\">https:\/\/doi.org\/10.1038\/s43247-024-01982-8<\/a><\/p>\n<\/div><\/div><\/div><\/div>\t\t\t\t<\/div>\n\t\t\t\t\t\t\t\t\t\t\t\t\t\t\t<div class=\"elementor-swiper-button elementor-swiper-button-prev\" role=\"button\" tabindex=\"0\" aria-label=\"Previous slide\">\n\t\t\t\t\t\t\t<svg aria-hidden=\"true\" class=\"e-font-icon-svg e-eicon-chevron-left\" viewBox=\"0 0 1000 1000\" xmlns=\"http:\/\/www.w3.org\/2000\/svg\"><path d=\"M646 125C629 125 613 133 604 142L308 442C296 454 292 471 292 487 292 504 296 521 308 533L604 854C617 867 629 875 646 875 663 875 679 871 692 858 704 846 713 829 713 812 713 796 708 779 692 767L438 487 692 225C700 217 708 204 708 187 708 171 704 154 692 142 675 129 663 125 646 125Z\"><\/path><\/svg>\t\t\t\t\t\t<\/div>\n\t\t\t\t\t\t<div class=\"elementor-swiper-button elementor-swiper-button-next\" role=\"button\" tabindex=\"0\" aria-label=\"Next slide\">\n\t\t\t\t\t\t\t<svg aria-hidden=\"true\" class=\"e-font-icon-svg e-eicon-chevron-right\" viewBox=\"0 0 1000 1000\" xmlns=\"http:\/\/www.w3.org\/2000\/svg\"><path d=\"M696 533C708 521 713 504 713 487 713 471 708 454 696 446L400 146C388 133 375 125 354 125 338 125 325 129 313 142 300 154 292 171 292 187 292 204 296 221 308 233L563 492 304 771C292 783 288 800 288 817 288 833 296 850 308 863 321 871 338 875 354 875 371 875 388 867 400 854L696 533Z\"><\/path><\/svg>\t\t\t\t\t\t<\/div>\n\t\t\t\t\t\t\t\t\t\t\t\t\t\t\t\t<div class=\"swiper-pagination\"><\/div>\n\t\t\t\t\t\t\t\t\t\t\t\t<\/div>\n\t\t\t\t\t\t\t\t<\/div>\n\t\t\t\t<\/div>\n\t\t<div class=\"elementor-element elementor-element-85de302 e-flex e-con-boxed e-con e-parent\" data-id=\"85de302\" data-element_type=\"container\" data-e-type=\"container\">\r\n\t\t\t\t\t<div class=\"e-con-inner\">\r\n\t\t<div class=\"elementor-element elementor-element-379cbd6 e-con-full e-flex e-con e-child\" data-id=\"379cbd6\" data-element_type=\"container\" data-e-type=\"container\" data-settings=\"{&quot;background_background&quot;:&quot;classic&quot;}\">\r\n\t\t<div class=\"elementor-element elementor-element-bde0a27 e-con-full e-flex e-con e-child\" data-id=\"bde0a27\" data-element_type=\"container\" data-e-type=\"container\">\r\n\t\t<div class=\"elementor-element elementor-element-ca1e086 e-con-full e-flex e-con e-child\" data-id=\"ca1e086\" data-element_type=\"container\" data-e-type=\"container\" data-settings=\"{&quot;background_background&quot;:&quot;classic&quot;}\">\r\n\t\t\t\t<div class=\"elementor-element elementor-element-3159d5a exad-sticky-section-no exad-glass-effect-no elementor-widget elementor-widget-heading\" data-id=\"3159d5a\" data-element_type=\"widget\" data-e-type=\"widget\" data-widget_type=\"heading.default\">\n\t\t\t\t\t<h2 class=\"elementor-heading-title elementor-size-default\">SST<\/h2>\t\t\t\t<\/div>\n\t\t\t\t<\/div>\n\t\t<div class=\"elementor-element elementor-element-65de0fa e-con-full e-flex e-con e-child\" data-id=\"65de0fa\" data-element_type=\"container\" data-e-type=\"container\">\r\n\t\t\t\t<div class=\"elementor-element elementor-element-b1a77f3 exad-sticky-section-no exad-glass-effect-no elementor-widget elementor-widget-heading\" data-id=\"b1a77f3\" data-element_type=\"widget\" data-e-type=\"widget\" data-widget_type=\"heading.default\">\n\t\t\t\t\t<h1 class=\"elementor-heading-title elementor-size-default\">Temperatura de la superf\u00edcie del mar.<\/h1>\t\t\t\t<\/div>\n\t\t\t\t<div class=\"elementor-element elementor-element-1877ce7 exad-sticky-section-no exad-glass-effect-no elementor-widget elementor-widget-heading\" data-id=\"1877ce7\" data-element_type=\"widget\" data-e-type=\"widget\" data-widget_type=\"heading.default\">\n\t\t\t\t\t<h1 class=\"elementor-heading-title elementor-size-default\">2026-04-14<\/h1>\t\t\t\t<\/div>\n\t\t\t\t<\/div>\n\t\t<div class=\"elementor-element elementor-element-71bacf8 e-con-full e-flex e-con e-child\" data-id=\"71bacf8\" data-element_type=\"container\" data-e-type=\"container\">\r\n\t\t<div class=\"elementor-element elementor-element-d01c279 e-con-full e-grid e-con e-child\" data-id=\"d01c279\" data-element_type=\"container\" data-e-type=\"container\">\r\n\t\t\t\t<div class=\"elementor-element elementor-element-81827fc exad-sticky-section-no exad-glass-effect-no elementor-widget elementor-widget-heading\" data-id=\"81827fc\" data-element_type=\"widget\" data-e-type=\"widget\" data-widget_type=\"heading.default\">\n\t\t\t\t\t<h3 class=\"elementor-heading-title elementor-size-default\">Media Med. SST <\/h3>\t\t\t\t<\/div>\n\t\t\t\t<div class=\"elementor-element elementor-element-49b56fa exad-sticky-section-no exad-glass-effect-no elementor-widget elementor-widget-heading\" data-id=\"49b56fa\" data-element_type=\"widget\" data-e-type=\"widget\" data-widget_type=\"heading.default\">\n\t\t\t\t\t<h1 class=\"elementor-heading-title elementor-size-default\">16.6 \u00baC<\/h1>\t\t\t\t<\/div>\n\t\t\t\t<\/div>\n\t\t\t\t<\/div>\n\t\t<div class=\"elementor-element elementor-element-148628c e-con-full e-flex e-con e-child\" data-id=\"148628c\" data-element_type=\"container\" data-e-type=\"container\">\r\n\t\t<div class=\"elementor-element elementor-element-f3c33e6 e-con-full e-grid e-con e-child\" data-id=\"f3c33e6\" data-element_type=\"container\" data-e-type=\"container\">\r\n\t\t\t\t<div class=\"elementor-element elementor-element-6552ada exad-sticky-section-no exad-glass-effect-no elementor-widget elementor-widget-heading\" data-id=\"6552ada\" data-element_type=\"widget\" data-e-type=\"widget\" data-widget_type=\"heading.default\">\n\t\t\t\t\t<h3 class=\"elementor-heading-title elementor-size-default\">Anomal\u00eda Media Med. SST <\/h3>\t\t\t\t<\/div>\n\t\t\t\t<div class=\"elementor-element elementor-element-186e571 exad-sticky-section-no exad-glass-effect-no elementor-widget elementor-widget-heading\" data-id=\"186e571\" data-element_type=\"widget\" data-e-type=\"widget\" data-widget_type=\"heading.default\">\n\t\t\t\t\t<h1 class=\"elementor-heading-title elementor-size-default\">0.8 \u00baC<\/h1>\t\t\t\t<\/div>\n\t\t\t\t<\/div>\n\t\t\t\t<\/div>\n\t\t<div class=\"elementor-element elementor-element-460c51d e-con-full e-flex e-con e-child\" data-id=\"460c51d\" data-element_type=\"container\" data-e-type=\"container\">\r\n\t\t\t\t<div class=\"elementor-element elementor-element-31518cb elementor-align-center exad-sticky-section-no exad-glass-effect-no elementor-widget elementor-widget-button\" data-id=\"31518cb\" data-element_type=\"widget\" data-e-type=\"widget\" data-widget_type=\"button.default\">\n\t\t\t\t\t\t\t\t\t\t<a class=\"elementor-button elementor-button-link elementor-size-sm\" href=\"https:\/\/staging.medmos.eu\/va\/sst\/sst-mes-recent\/\">\n\t\t\t\t\t\t<span class=\"elementor-button-content-wrapper\">\n\t\t\t\t\t\t\t\t\t<span class=\"elementor-button-text\">\u00daltimes dades de SST<\/span>\n\t\t\t\t\t<\/span>\n\t\t\t\t\t<\/a>\n\t\t\t\t\t\t\t\t<\/div>\n\t\t\t\t<\/div>\n\t\t\t\t<\/div>\n\t\t<div class=\"elementor-element elementor-element-5db251b e-con-full e-flex e-con e-child\" data-id=\"5db251b\" data-element_type=\"container\" data-e-type=\"container\">\r\n\t\t\t\t<div class=\"elementor-element elementor-element-c2d49c2 exad-sticky-section-no exad-glass-effect-no elementor-widget elementor-widget-image\" data-id=\"c2d49c2\" data-element_type=\"widget\" data-e-type=\"widget\" data-widget_type=\"image.default\">\n\t\t\t\t\t\t\t\t\t\t\t\t\t\t\t<img decoding=\"async\" src=\"https:\/\/medmos.eu\/imagenes\/SST\/CMEMS\/MEDMOS-SST-CMEMS-ATLMED-latest.png\" title=\"\" alt=\"\" loading=\"lazy\" \/>\t\t\t\t\t\t\t\t\t\t\t\t\t\t\t<\/div>\n\t\t\t\t<\/div>\n\t\t\t\t<\/div>\n\t\t\t\t\t<\/div>\n\t\t\t\t<\/div>\n\t\t<div class=\"elementor-element elementor-element-45a38c0 e-flex e-con-boxed e-con e-parent\" data-id=\"45a38c0\" data-element_type=\"container\" data-e-type=\"container\">\r\n\t\t\t\t\t<div class=\"e-con-inner\">\r\n\t\t<div class=\"elementor-element elementor-element-650f57e e-con-full e-flex e-con e-child\" data-id=\"650f57e\" data-element_type=\"container\" data-e-type=\"container\" data-settings=\"{&quot;background_background&quot;:&quot;classic&quot;}\">\r\n\t\t<div class=\"elementor-element elementor-element-fbcf41d e-con-full e-flex e-con e-child\" data-id=\"fbcf41d\" data-element_type=\"container\" data-e-type=\"container\">\r\n\t\t<div class=\"elementor-element elementor-element-9f200a0 e-con-full e-flex e-con e-child\" data-id=\"9f200a0\" data-element_type=\"container\" data-e-type=\"container\" data-settings=\"{&quot;background_background&quot;:&quot;classic&quot;}\">\r\n\t\t\t\t<div class=\"elementor-element elementor-element-3a1ca12 exad-sticky-section-no exad-glass-effect-no elementor-widget elementor-widget-heading\" data-id=\"3a1ca12\" data-element_type=\"widget\" data-e-type=\"widget\" data-widget_type=\"heading.default\">\n\t\t\t\t\t<h2 class=\"elementor-heading-title elementor-size-default\">MHW<\/h2>\t\t\t\t<\/div>\n\t\t\t\t<\/div>\n\t\t<div class=\"elementor-element elementor-element-4181883 e-con-full e-flex e-con e-child\" data-id=\"4181883\" data-element_type=\"container\" data-e-type=\"container\">\r\n\t\t\t\t<div class=\"elementor-element elementor-element-e5f3026 exad-sticky-section-no exad-glass-effect-no elementor-widget elementor-widget-heading\" data-id=\"e5f3026\" data-element_type=\"widget\" data-e-type=\"widget\" data-widget_type=\"heading.default\">\n\t\t\t\t\t<h1 class=\"elementor-heading-title elementor-size-default\">Onades de calor marines.<\/h1>\t\t\t\t<\/div>\n\t\t\t\t<div class=\"elementor-element elementor-element-34be895 exad-sticky-section-no exad-glass-effect-no elementor-widget elementor-widget-heading\" data-id=\"34be895\" data-element_type=\"widget\" data-e-type=\"widget\" data-widget_type=\"heading.default\">\n\t\t\t\t\t<h1 class=\"elementor-heading-title elementor-size-default\">2026-04-14<\/h1>\t\t\t\t<\/div>\n\t\t\t\t<\/div>\n\t\t<div class=\"elementor-element elementor-element-abddca3 e-con-full e-flex e-con e-child\" data-id=\"abddca3\" data-element_type=\"container\" data-e-type=\"container\">\r\n\t\t<div class=\"elementor-element elementor-element-ca31de6 e-con-full e-grid e-con e-child\" data-id=\"ca31de6\" data-element_type=\"container\" data-e-type=\"container\">\r\n\t\t\t\t<div class=\"elementor-element elementor-element-8cf3715 exad-sticky-section-no exad-glass-effect-no elementor-widget elementor-widget-heading\" data-id=\"8cf3715\" data-element_type=\"widget\" data-e-type=\"widget\" data-widget_type=\"heading.default\">\n\t\t\t\t\t<h3 class=\"elementor-heading-title elementor-size-default\">Intensitat mitjana<\/h3>\t\t\t\t<\/div>\n\t\t\t\t<div class=\"elementor-element elementor-element-14d75c9 exad-sticky-section-no exad-glass-effect-no elementor-widget elementor-widget-heading\" data-id=\"14d75c9\" data-element_type=\"widget\" data-e-type=\"widget\" data-widget_type=\"heading.default\">\n\t\t\t\t\t<h1 class=\"elementor-heading-title elementor-size-default\">1.5 \u00baC<\/h1>\t\t\t\t<\/div>\n\t\t\t\t<\/div>\n\t\t\t\t<\/div>\n\t\t<div class=\"elementor-element elementor-element-c9600b7 e-con-full e-flex e-con e-child\" data-id=\"c9600b7\" data-element_type=\"container\" data-e-type=\"container\">\r\n\t\t<div class=\"elementor-element elementor-element-b325c43 e-con-full e-grid e-con e-child\" data-id=\"b325c43\" data-element_type=\"container\" data-e-type=\"container\">\r\n\t\t\t\t<div class=\"elementor-element elementor-element-e4bb01c exad-sticky-section-no exad-glass-effect-no elementor-widget elementor-widget-heading\" data-id=\"e4bb01c\" data-element_type=\"widget\" data-e-type=\"widget\" data-widget_type=\"heading.default\">\n\t\t\t\t\t<h3 class=\"elementor-heading-title elementor-size-default\">Percentatge \u00e0rea afectada<\/h3>\t\t\t\t<\/div>\n\t\t\t\t<div class=\"elementor-element elementor-element-8c413a2 exad-sticky-section-no exad-glass-effect-no elementor-widget elementor-widget-heading\" data-id=\"8c413a2\" data-element_type=\"widget\" data-e-type=\"widget\" data-widget_type=\"heading.default\">\n\t\t\t\t\t<h1 class=\"elementor-heading-title elementor-size-default\">9.9%<\/h1>\t\t\t\t<\/div>\n\t\t\t\t<\/div>\n\t\t\t\t<\/div>\n\t\t<div class=\"elementor-element elementor-element-ab21339 e-con-full e-flex e-con e-child\" data-id=\"ab21339\" data-element_type=\"container\" data-e-type=\"container\">\r\n\t\t\t\t<div class=\"elementor-element elementor-element-b32557b elementor-align-center exad-sticky-section-no exad-glass-effect-no elementor-widget elementor-widget-button\" data-id=\"b32557b\" data-element_type=\"widget\" data-e-type=\"widget\" data-widget_type=\"button.default\">\n\t\t\t\t\t\t\t\t\t\t<a class=\"elementor-button elementor-button-link elementor-size-sm\" href=\"https:\/\/staging.medmos.eu\/va\/mhw\/mhw-mes-recent\/\">\n\t\t\t\t\t\t<span class=\"elementor-button-content-wrapper\">\n\t\t\t\t\t\t\t\t\t<span class=\"elementor-button-text\">\u00daltimes dades de MHW<\/span>\n\t\t\t\t\t<\/span>\n\t\t\t\t\t<\/a>\n\t\t\t\t\t\t\t\t<\/div>\n\t\t\t\t<\/div>\n\t\t\t\t<\/div>\n\t\t<div class=\"elementor-element elementor-element-566fabd e-con-full e-flex e-con e-child\" data-id=\"566fabd\" data-element_type=\"container\" data-e-type=\"container\">\r\n\t\t\t\t<div class=\"elementor-element elementor-element-401b73e exad-sticky-section-no exad-glass-effect-no elementor-widget elementor-widget-image\" data-id=\"401b73e\" data-element_type=\"widget\" data-e-type=\"widget\" data-widget_type=\"image.default\">\n\t\t\t\t\t\t\t\t\t\t\t\t\t\t\t<img decoding=\"async\" src=\"https:\/\/medmos.eu\/imagenes\/SST\/NCEI\/MEDMOS-MHW-NCEI-MED-daily-category-latest.png\" title=\"\" alt=\"\" loading=\"lazy\" \/>\t\t\t\t\t\t\t\t\t\t\t\t\t\t\t<\/div>\n\t\t\t\t<\/div>\n\t\t\t\t<\/div>\n\t\t\t\t\t<\/div>\n\t\t\t\t<\/div>\n\t\t<div class=\"elementor-element elementor-element-a8d59d7 e-flex e-con-boxed e-con e-parent\" data-id=\"a8d59d7\" data-element_type=\"container\" data-e-type=\"container\">\r\n\t\t\t\t\t<div class=\"e-con-inner\">\r\n\t\t<div class=\"elementor-element elementor-element-e30d810 e-con-full e-flex e-con e-child\" data-id=\"e30d810\" data-element_type=\"container\" data-e-type=\"container\">\r\n\t\t\t\t<div class=\"elementor-element elementor-element-b7ce1a5 exad-sticky-section-no exad-glass-effect-no elementor-widget elementor-widget-heading\" data-id=\"b7ce1a5\" data-element_type=\"widget\" data-e-type=\"widget\" data-widget_type=\"heading.default\">\n\t\t\t\t\t<h2 class=\"elementor-heading-title elementor-size-default\">Informe sobre l'estat de la Mediterr\u00e0nia.<\/h2>\t\t\t\t<\/div>\n\t\t\t\t<div class=\"elementor-element elementor-element-bf1ae55 exad-sticky-section-no exad-glass-effect-no elementor-widget elementor-widget-text-editor\" data-id=\"bf1ae55\" data-element_type=\"widget\" data-e-type=\"widget\" data-widget_type=\"text-editor.default\">\n\t\t\t\t\t\t\t\t\t<p>L&#8217;\u00e0rea mediterr\u00e0nia s&#8217;ha definit com un focus de canvi clim\u00e0tic, on el mar Mediterrani i les seves interaccions amb l&#8217;atmosfera tenen un paper fonamental en les condicions ambientals.<\/p>\n<p>L&#8217;Informe sobre la SST del Mediterrani \u00e9s una iniciativa de l&#8217;\u00e0rea de Meteorologia i Climatologia del Centre Mediterrani d&#8217;Estudis Ambientals (<a href=\"https:\/\/www.ceam.es\/\">CEAM<\/a>) per a revisar i actualitzar peri\u00f2dicament la climatologia i la tend\u00e8ncia de la temperatura superficial de la mar (SST) en la conca mediterr\u00e0nia. Aquest butllet\u00ed es publicar\u00e0 estacionalment i t\u00e9 com a objectiu difondre l&#8217;estat de l&#8217;art sobre la SST de la Mediterr\u00e0nia, aix\u00ed com proporcionar informaci\u00f3 a les parts interessades i als mitjans de comunicaci\u00f3 interessats al canvi clim\u00e0tic. Aix\u00ed mateix, el nostre objectiu \u00e9s oferir este butllet\u00ed com a punt de trobada per a la comunitat cient\u00edfica involucrada en l&#8217;estudi de la SST del Mediterrani.Asimismo, nuestro objetivo es ofrecer este bolet\u00edn como punto de encuentro para la comunidad cient\u00edfica involucrada en el estudio de la SST del Mediterr\u00e1neo.<\/p>\t\t\t\t\t\t\t\t<\/div>\n\t\t\t\t<div class=\"elementor-element elementor-element-f6d5a8f elementor-align-left exad-sticky-section-no exad-glass-effect-no elementor-widget elementor-widget-button\" data-id=\"f6d5a8f\" data-element_type=\"widget\" data-e-type=\"widget\" data-widget_type=\"button.default\">\n\t\t\t\t\t\t\t\t\t\t<a class=\"elementor-button elementor-button-link elementor-size-sm\" href=\"https:\/\/staging.medmos.eu\/va\/sst\/butlleti-estacional\/\">\n\t\t\t\t\t\t<span class=\"elementor-button-content-wrapper\">\n\t\t\t\t\t\t\t\t\t<span class=\"elementor-button-text\">Descarregar informe<\/span>\n\t\t\t\t\t<\/span>\n\t\t\t\t\t<\/a>\n\t\t\t\t\t\t\t\t<\/div>\n\t\t\t\t<\/div>\n\t\t<div class=\"elementor-element elementor-element-fa80996 e-con-full e-flex e-con e-child\" data-id=\"fa80996\" data-element_type=\"container\" data-e-type=\"container\">\r\n\t\t\t\t<div class=\"elementor-element elementor-element-3b69b93 exad-sticky-section-no exad-glass-effect-no elementor-widget elementor-widget-image\" data-id=\"3b69b93\" data-element_type=\"widget\" data-e-type=\"widget\" data-widget_type=\"image.default\">\n\t\t\t\t\t\t\t\t\t\t\t\t\t\t\t<img fetchpriority=\"high\" decoding=\"async\" width=\"938\" height=\"674\" src=\"https:\/\/staging.medmos.eu\/wp-content\/uploads\/2025\/07\/report.png\" class=\"attachment-large size-large wp-image-2380\" alt=\"\" srcset=\"https:\/\/staging.medmos.eu\/wp-content\/uploads\/2025\/07\/report.png 938w, https:\/\/staging.medmos.eu\/wp-content\/uploads\/2025\/07\/report-768x552.png 768w\" sizes=\"(max-width: 938px) 100vw, 938px\" \/>\t\t\t\t\t\t\t\t\t\t\t\t\t\t\t<\/div>\n\t\t\t\t<\/div>\n\t\t\t\t\t<\/div>\n\t\t\t\t<\/div>\n\t\t<div class=\"elementor-element elementor-element-a32fb86 e-flex e-con-boxed e-con e-parent\" data-id=\"a32fb86\" data-element_type=\"container\" data-e-type=\"container\" data-settings=\"{&quot;background_background&quot;:&quot;classic&quot;}\">\r\n\t\t\t\t\t<div class=\"e-con-inner\">\r\n\t\t<div class=\"elementor-element elementor-element-581fb3d e-con-full e-flex e-con e-child\" data-id=\"581fb3d\" data-element_type=\"container\" data-e-type=\"container\">\r\n\t\t\t\t<div class=\"elementor-element elementor-element-f0a4c70 exad-sticky-section-no exad-glass-effect-no elementor-widget elementor-widget-heading\" data-id=\"f0a4c70\" data-element_type=\"widget\" data-e-type=\"widget\" data-widget_type=\"heading.default\">\n\t\t\t\t\t<h2 class=\"elementor-heading-title elementor-size-default\">Sobre.<\/h2>\t\t\t\t<\/div>\n\t\t\t\t<div class=\"elementor-element elementor-element-a9e6d38 exad-sticky-section-no exad-glass-effect-no elementor-widget elementor-widget-text-editor\" data-id=\"a9e6d38\" data-element_type=\"widget\" data-e-type=\"widget\" data-widget_type=\"text-editor.default\">\n\t\t\t\t\t\t\t\t\t<p>El Sistema de Monitoritzaci\u00f3 de la Mediterr\u00e0nia (MEDMOS) \u00e9s una iniciativa de l&#8217;\u00c0rea de Meteorologia i Climatologia del Centre Mediterrani d&#8217;Estudis Ambientals, dedicada a la vigil\u00e0ncia i an\u00e0lisi del Mar Mediterrani, principalment pel que fa a la temperatura superficial del mar (SST) i el seu esdeveniment extrem associat, les onades de calor marines (MHW).<\/p><p>Els oceans tenen un paper fonamental en l&#8217;emmagatzematge d&#8217;energia al sistema global Terra-Oce\u00e0-Atmosfera. En aquest context, el coneixement de l\u201fevoluci\u00f3 passada i les tend\u00e8ncies futures de la SST \u00e9s crucial per comprendre els escenaris clim\u00e0tics futurs. Estudis recents han destacat el paper de la SST com un factor clau per al desenvolupament i\/o la intensificaci\u00f3 dels esdeveniments de precipitacions intenses (HPE) a la conca mediterr\u00e0nia i altres zones del m\u00f3n, aix\u00ed com el seu paper a les onades de calor a Europa. Per tant, l&#8217;estudi i el monitoratge de la SST podrien contribuir a la predicci\u00f3 d&#8217;esdeveniments de HPE.   <\/p><p>MEDMOS t\u00e9 com a objectiu proporcionar informaci\u00f3, tan actualitzada com sigui possible, sobre l&#8217;estat de la Mediterr\u00e0nia, que sigui \u00fatil per a la comunitat cient\u00edfica, el p\u00fablic en general i els responsables pol\u00edtics en el context del canvi clim\u00e0tic.<\/p>\t\t\t\t\t\t\t\t<\/div>\n\t\t\t\t<\/div>\n\t\t<div class=\"elementor-element elementor-element-4f4bfd6 e-con-full e-flex e-con e-child\" data-id=\"4f4bfd6\" data-element_type=\"container\" data-e-type=\"container\">\r\n\t\t\t\t<div class=\"elementor-element elementor-element-fc567b7 exad-sticky-section-no exad-glass-effect-no elementor-widget elementor-widget-image\" data-id=\"fc567b7\" data-element_type=\"widget\" data-e-type=\"widget\" data-widget_type=\"image.default\">\n\t\t\t\t\t\t\t\t\t\t\t\t\t\t\t<img decoding=\"async\" width=\"1024\" height=\"605\" src=\"https:\/\/staging.medmos.eu\/wp-content\/uploads\/2025\/07\/about-1024x605.png\" class=\"attachment-large size-large wp-image-2387\" alt=\"\" srcset=\"https:\/\/staging.medmos.eu\/wp-content\/uploads\/2025\/07\/about-1024x605.png 1024w, https:\/\/staging.medmos.eu\/wp-content\/uploads\/2025\/07\/about-768x453.png 768w\" sizes=\"(max-width: 1024px) 100vw, 1024px\" \/>\t\t\t\t\t\t\t\t\t\t\t\t\t\t\t<\/div>\n\t\t\t\t<\/div>\n\t\t\t\t\t<\/div>\n\t\t\t\t<\/div>\n\t\t\t\t<\/div>\n\t\t","protected":false},"excerpt":{"rendered":"<p>SISTEMA DE MONITORATGE DEL MEDITERRANI El Sistema de Monitoritzaci\u00f3 del Mediterrani (MEDMOS) \u00e9s una iniciativa de l&#8217;\u00c0rea de Meteorologia i Climatologia del Centre d&#8217;Estudis Ambientals de la Mediterr\u00e0nia (CEAM) dedicada a la vigil\u00e0ncia i an\u00e0lisi del mar Mediterrani, principalment pel que fa a la temperatura superficial del mar (SST) i el seu esdeveniment extrem associat [&hellip;]<\/p>\n","protected":false},"author":1,"featured_media":0,"parent":0,"menu_order":0,"comment_status":"closed","ping_status":"closed","template":"elementor_header_footer","meta":{"_acf_changed":false,"footnotes":""},"class_list":["post-1104","page","type-page","status-publish","hentry"],"acf":[],"_links":{"self":[{"href":"https:\/\/staging.medmos.eu\/va\/wp-json\/wp\/v2\/pages\/1104","targetHints":{"allow":["GET"]}}],"collection":[{"href":"https:\/\/staging.medmos.eu\/va\/wp-json\/wp\/v2\/pages"}],"about":[{"href":"https:\/\/staging.medmos.eu\/va\/wp-json\/wp\/v2\/types\/page"}],"author":[{"embeddable":true,"href":"https:\/\/staging.medmos.eu\/va\/wp-json\/wp\/v2\/users\/1"}],"replies":[{"embeddable":true,"href":"https:\/\/staging.medmos.eu\/va\/wp-json\/wp\/v2\/comments?post=1104"}],"version-history":[{"count":9,"href":"https:\/\/staging.medmos.eu\/va\/wp-json\/wp\/v2\/pages\/1104\/revisions"}],"predecessor-version":[{"id":4045,"href":"https:\/\/staging.medmos.eu\/va\/wp-json\/wp\/v2\/pages\/1104\/revisions\/4045"}],"wp:attachment":[{"href":"https:\/\/staging.medmos.eu\/va\/wp-json\/wp\/v2\/media?parent=1104"}],"curies":[{"name":"wp","href":"https:\/\/api.w.org\/{rel}","templated":true}]}}